{"id":130,"date":"2023-07-30T10:33:00","date_gmt":"2023-07-30T13:33:00","guid":{"rendered":"https:\/\/ambienteprovisorio.com.br\/gruporugi\/?page_id=130"},"modified":"2023-10-09T10:22:45","modified_gmt":"2023-10-09T13:22:45","slug":"aplicativo-ruggi-administradora-de-condominio-e-sindico-profissional-em-curitiba","status":"publish","type":"page","link":"https:\/\/gruporuggi.com.br\/?page_id=130","title":{"rendered":"Aplicativo Ruggi"},"content":{"rendered":"\t\t<div data-elementor-type=\"wp-page\" data-elementor-id=\"130\" class=\"elementor elementor-130\" data-elementor-post-type=\"page\">\n\t\t\t\t<div class=\"elementor-element elementor-element-84b36a1 e-con-full e-flex e-con e-parent\" data-id=\"84b36a1\" data-element_type=\"container\">\n\t\t<div class=\"elementor-element elementor-element-1ba5485 e-con-full e-flex e-con e-child\" data-id=\"1ba5485\" data-element_type=\"container\" data-settings=\"{&quot;background_background&quot;:&quot;classic&quot;}\">\n\t\t\t\t<\/div>\n\t\t<div class=\"elementor-element elementor-element-4bb67ba e-con-full e-flex e-con e-child\" data-id=\"4bb67ba\" data-element_type=\"container\">\n\t\t\t\t<div class=\"elementor-element elementor-element-9a6b7d9 elementor-widget__width-initial elementor-absolute elementor-widget elementor-widget-spacer\" data-id=\"9a6b7d9\" data-element_type=\"widget\" data-settings=\"{&quot;_position&quot;:&quot;absolute&quot;}\" data-widget_type=\"spacer.default\">\n\t\t\t\t<div class=\"elementor-widget-container\">\n\t\t\t\t\t\t\t<div class=\"elementor-spacer\">\n\t\t\t<div class=\"elementor-spacer-inner\"><\/div>\n\t\t<\/div>\n\t\t\t\t\t\t<\/div>\n\t\t\t\t<\/div>\n\t\t\t\t<div class=\"elementor-element elementor-element-c8f18c3 elementor-invisible elementor-widget elementor-widget-heading\" data-id=\"c8f18c3\" data-element_type=\"widget\" data-settings=\"{&quot;_animation&quot;:&quot;fadeInUp&quot;}\" data-widget_type=\"heading.default\">\n\t\t\t\t<div class=\"elementor-widget-container\">\n\t\t\t\t\t<h3 class=\"elementor-heading-title elementor-size-default\">Aplicativo Ruggi<\/h3>\t\t\t\t<\/div>\n\t\t\t\t<\/div>\n\t\t\t\t<div class=\"elementor-element elementor-element-9ce3db9 elementor-widget elementor-widget-heading\" data-id=\"9ce3db9\" data-element_type=\"widget\" data-widget_type=\"heading.default\">\n\t\t\t\t<div class=\"elementor-widget-container\">\n\t\t\t\t\t<h1 class=\"elementor-heading-title elementor-size-default\">Um Portal completo para voc\u00ea<\/h1>\t\t\t\t<\/div>\n\t\t\t\t<\/div>\n\t\t\t\t<div class=\"elementor-element elementor-element-f952c75 elementor-widget elementor-widget-text-editor\" data-id=\"f952c75\" data-element_type=\"widget\" data-widget_type=\"text-editor.default\">\n\t\t\t\t<div class=\"elementor-widget-container\">\n\t\t\t\t\t\t\t\t\t<p><span class=\"WdYUQQ\">App e Portal da Ruggi \u2013\u00a0<\/span><span class=\"WdYUQQ\">Disponibilizamos a todos os moradores o Portal da Ruggi. Com ele \u00e9 poss\u00edvel participar da\u00a0<\/span><span class=\"WdYUQQ\">assembleia virtual<\/span><span class=\"WdYUQQ\">, emitir\u00a0<\/span><span class=\"WdYUQQ\">2\u00ba via de boletos<\/span><span class=\"WdYUQQ\">,\u00a0<\/span><span class=\"WdYUQQ\">avisos e notifica\u00e7\u00f5es<\/span><span class=\"WdYUQQ\">,\u00a0<\/span><span class=\"WdYUQQ\">presta\u00e7\u00e3o de contas em tempo real<\/span><span class=\"WdYUQQ\">,\u00a0<\/span><span class=\"WdYUQQ\">reservas<\/span><span class=\"WdYUQQ\">,\u00a0<\/span><span class=\"WdYUQQ\">agendamentos<\/span><span class=\"WdYUQQ\">,\u00a0<\/span><span class=\"WdYUQQ\">chamados<\/span><span class=\"WdYUQQ\">, (livro de ocorr\u00eancia),<\/span> <span class=\"WdYUQQ\">acesso aos documentos do condom\u00ednio<\/span><span class=\"WdYUQQ\">\u00a0como Atas, Balancetes e outros. Tudo isso na palma da sua m\u00e3o!<\/span><\/p>\t\t\t\t\t\t\t\t<\/div>\n\t\t\t\t<\/div>\n\t\t<div class=\"elementor-element elementor-element-612b381 e-con-full e-flex e-con e-child\" data-id=\"612b381\" data-element_type=\"container\">\n\t\t\t\t<div class=\"elementor-element elementor-element-dda7ced elementor-widget-mobile__width-inherit elementor-widget elementor-widget-heading\" data-id=\"dda7ced\" data-element_type=\"widget\" data-widget_type=\"heading.default\">\n\t\t\t\t<div class=\"elementor-widget-container\">\n\t\t\t\t\t<h5 class=\"elementor-heading-title elementor-size-default\">Baixe nosso Aplicativo:<\/h5>\t\t\t\t<\/div>\n\t\t\t\t<\/div>\n\t\t\t\t<div class=\"elementor-element elementor-element-bcf7060 elementor-widget-mobile__width-initial elementor-widget elementor-widget-image\" data-id=\"bcf7060\" data-element_type=\"widget\" data-widget_type=\"image.default\">\n\t\t\t\t<div class=\"elementor-widget-container\">\n\t\t\t\t\t\t\t\t\t\t\t\t\t\t\t\t<a href=\"https:\/\/play.google.com\/store\/apps\/details?id=app.conect.condprime\" target=\"_blank\">\n\t\t\t\t\t\t\t<img decoding=\"async\" width=\"135\" height=\"40\" src=\"https:\/\/gruporuggi.com.br\/wp-content\/uploads\/2023\/07\/google-play.svg\" class=\"attachment-large size-large wp-image-175\" alt=\"\" \/>\t\t\t\t\t\t\t\t<\/a>\n\t\t\t\t\t\t\t\t\t\t\t\t\t\t\t<\/div>\n\t\t\t\t<\/div>\n\t\t\t\t<div class=\"elementor-element elementor-element-9821f3f elementor-widget-mobile__width-initial elementor-widget elementor-widget-image\" data-id=\"9821f3f\" data-element_type=\"widget\" data-widget_type=\"image.default\">\n\t\t\t\t<div class=\"elementor-widget-container\">\n\t\t\t\t\t\t\t\t\t\t\t\t\t\t\t\t<a href=\"https:\/\/apps.apple.com\/br\/app\/cond-prime\/id1270318722\" target=\"_blank\">\n\t\t\t\t\t\t\t<img decoding=\"async\" width=\"141\" height=\"47\" src=\"https:\/\/gruporuggi.com.br\/wp-content\/uploads\/2023\/07\/app-store.svg\" class=\"attachment-large size-large wp-image-174\" alt=\"\" \/>\t\t\t\t\t\t\t\t<\/a>\n\t\t\t\t\t\t\t\t\t\t\t\t\t\t\t<\/div>\n\t\t\t\t<\/div>\n\t\t\t\t<\/div>\n\t\t\t\t<\/div>\n\t\t\t\t<\/div>\n\t\t<div class=\"elementor-element elementor-element-7a7dd3f e-con-full e-flex e-con e-parent\" data-id=\"7a7dd3f\" data-element_type=\"container\" data-settings=\"{&quot;background_background&quot;:&quot;gradient&quot;}\">\n\t\t\t\t<div class=\"elementor-element elementor-element-9db5890 elementor-widget elementor-widget-heading\" data-id=\"9db5890\" data-element_type=\"widget\" data-widget_type=\"heading.default\">\n\t\t\t\t<div class=\"elementor-widget-container\">\n\t\t\t\t\t<h2 class=\"elementor-heading-title elementor-size-default\">Tudo em um s\u00f3 lugar!<\/h2>\t\t\t\t<\/div>\n\t\t\t\t<\/div>\n\t\t<div class=\"elementor-element elementor-element-d5323a6 e-con-full e-flex e-con e-child\" data-id=\"d5323a6\" data-element_type=\"container\">\n\t\t<div class=\"elementor-element elementor-element-ae32b3c e-con-full e-flex e-con e-child\" data-id=\"ae32b3c\" data-element_type=\"container\" data-settings=\"{&quot;background_background&quot;:&quot;classic&quot;}\">\n\t\t\t\t<div class=\"elementor-element elementor-element-e961552 elementor-widget__width-initial elementor-invisible elementor-widget elementor-widget-image\" data-id=\"e961552\" data-element_type=\"widget\" data-settings=\"{&quot;motion_fx_motion_fx_scrolling&quot;:&quot;yes&quot;,&quot;motion_fx_translateY_effect&quot;:&quot;yes&quot;,&quot;motion_fx_translateY_affectedRange&quot;:{&quot;unit&quot;:&quot;%&quot;,&quot;size&quot;:&quot;&quot;,&quot;sizes&quot;:{&quot;start&quot;:50,&quot;end&quot;:100}},&quot;_animation&quot;:&quot;fadeInUp&quot;,&quot;motion_fx_devices&quot;:[&quot;desktop&quot;,&quot;tablet&quot;],&quot;motion_fx_translateY_speed&quot;:{&quot;unit&quot;:&quot;px&quot;,&quot;size&quot;:4,&quot;sizes&quot;:[]}}\" data-widget_type=\"image.default\">\n\t\t\t\t<div class=\"elementor-widget-container\">\n\t\t\t\t\t\t\t\t\t\t\t\t\t\t\t<img fetchpriority=\"high\" decoding=\"async\" width=\"1232\" height=\"2479\" src=\"https:\/\/gruporuggi.com.br\/wp-content\/uploads\/2023\/10\/mockup-3-1.png\" class=\"attachment-full size-full wp-image-1180\" alt=\"\" srcset=\"https:\/\/gruporuggi.com.br\/wp-content\/uploads\/2023\/10\/mockup-3-1.png 1232w, https:\/\/gruporuggi.com.br\/wp-content\/uploads\/2023\/10\/mockup-3-1-149x300.png 149w, https:\/\/gruporuggi.com.br\/wp-content\/uploads\/2023\/10\/mockup-3-1-509x1024.png 509w, https:\/\/gruporuggi.com.br\/wp-content\/uploads\/2023\/10\/mockup-3-1-768x1545.png 768w, https:\/\/gruporuggi.com.br\/wp-content\/uploads\/2023\/10\/mockup-3-1-763x1536.png 763w, https:\/\/gruporuggi.com.br\/wp-content\/uploads\/2023\/10\/mockup-3-1-1018x2048.png 1018w, https:\/\/gruporuggi.com.br\/wp-content\/uploads\/2023\/10\/mockup-3-1-1200x2415.png 1200w\" sizes=\"(max-width: 1232px) 100vw, 1232px\" \/>\t\t\t\t\t\t\t\t\t\t\t\t\t\t\t<\/div>\n\t\t\t\t<\/div>\n\t\t\t\t<div class=\"elementor-element elementor-element-a29d0bd elementor-widget__width-initial elementor-invisible elementor-widget elementor-widget-image\" data-id=\"a29d0bd\" data-element_type=\"widget\" data-settings=\"{&quot;motion_fx_motion_fx_scrolling&quot;:&quot;yes&quot;,&quot;motion_fx_translateY_effect&quot;:&quot;yes&quot;,&quot;motion_fx_translateY_affectedRange&quot;:{&quot;unit&quot;:&quot;%&quot;,&quot;size&quot;:&quot;&quot;,&quot;sizes&quot;:{&quot;start&quot;:50,&quot;end&quot;:100}},&quot;_animation&quot;:&quot;fadeInUp&quot;,&quot;motion_fx_devices&quot;:[&quot;desktop&quot;,&quot;tablet&quot;],&quot;motion_fx_translateY_speed&quot;:{&quot;unit&quot;:&quot;px&quot;,&quot;size&quot;:4,&quot;sizes&quot;:[]}}\" data-widget_type=\"image.default\">\n\t\t\t\t<div class=\"elementor-widget-container\">\n\t\t\t\t\t\t\t\t\t\t\t\t\t\t\t<img loading=\"lazy\" decoding=\"async\" width=\"1232\" height=\"2479\" src=\"https:\/\/gruporuggi.com.br\/wp-content\/uploads\/2023\/10\/mockup-5.png\" class=\"attachment-full size-full wp-image-1181\" alt=\"\" srcset=\"https:\/\/gruporuggi.com.br\/wp-content\/uploads\/2023\/10\/mockup-5.png 1232w, https:\/\/gruporuggi.com.br\/wp-content\/uploads\/2023\/10\/mockup-5-149x300.png 149w, https:\/\/gruporuggi.com.br\/wp-content\/uploads\/2023\/10\/mockup-5-509x1024.png 509w, https:\/\/gruporuggi.com.br\/wp-content\/uploads\/2023\/10\/mockup-5-768x1545.png 768w, https:\/\/gruporuggi.com.br\/wp-content\/uploads\/2023\/10\/mockup-5-763x1536.png 763w, https:\/\/gruporuggi.com.br\/wp-content\/uploads\/2023\/10\/mockup-5-1018x2048.png 1018w\" sizes=\"(max-width: 1232px) 100vw, 1232px\" \/>\t\t\t\t\t\t\t\t\t\t\t\t\t\t\t<\/div>\n\t\t\t\t<\/div>\n\t\t\t\t<\/div>\n\t\t<div class=\"elementor-element elementor-element-7f07330 e-con-full e-flex e-con e-child\" data-id=\"7f07330\" data-element_type=\"container\">\n\t\t\t\t<div class=\"elementor-element elementor-element-a1f1199 elementor-widget elementor-widget-text-editor\" data-id=\"a1f1199\" data-element_type=\"widget\" data-widget_type=\"text-editor.default\">\n\t\t\t\t<div class=\"elementor-widget-container\">\n\t\t\t\t\t\t\t\t\t<div class=\"DF_utQ _0xkaeQ\"><div class=\"aF9o6Q _0yZ6Qg XfBqww\"><div class=\"_01bRbw S9bRfA xjeqXQ\" lang=\"pt-BR\"><p class=\"sF7BEQ tlgG1Q DWOR5A\"><span class=\"WdYUQQ\">O<\/span> <span class=\"WdYUQQ\">software usado para garantir a gest\u00e3o completa do condom\u00ednio \u00e9 desenvolvido pelo\u00a0<\/span><span class=\"WdYUQQ\">CondPrime Sistema Financeiro.<\/span><\/p><p class=\"sF7BEQ tlgG1Q DWOR5A\"><span class=\"WdYUQQ\">Com ele, \u00e9 poss\u00edvel que os moradores realizem a\u00a0<\/span><span class=\"WdYUQQ\">reserva do sal\u00e3o de festas<\/span><span class=\"WdYUQQ\">, participem de\u00a0<\/span><span class=\"WdYUQQ\">assembleias virtuais<\/span><span class=\"WdYUQQ\">, recebam\u00a0<\/span><span class=\"WdYUQQ\">avisos e notifica\u00e7\u00f5es<\/span><span class=\"WdYUQQ\">, acessem\u00a0<\/span><span class=\"WdYUQQ\">documentos\u00a0<\/span><span class=\"WdYUQQ\">do condom\u00ednio como <\/span><span class=\"WdYUQQ\">atas<\/span><span class=\"WdYUQQ\">,\u00a0<\/span><span class=\"WdYUQQ\">Regimento Interno<\/span><span class=\"WdYUQQ\">,\u00a0<\/span><span class=\"WdYUQQ\">Conven\u00e7\u00e3o\u00a0<\/span><span class=\"WdYUQQ\">e outros.<\/span><\/p><p class=\"sF7BEQ tlgG1Q DWOR5A\"><span class=\"WdYUQQ\">Al\u00e9m disso, caso o condom\u00ednio precise, a\u00a0<\/span><span class=\"WdYUQQ\">portaria tamb\u00e9m tem acesso, atrav\u00e9s de um usu\u00e1rio exclusivo!<\/span><\/p><\/div><\/div><\/div>\t\t\t\t\t\t\t\t<\/div>\n\t\t\t\t<\/div>\n\t\t<div class=\"elementor-element elementor-element-4eb4358 e-con-full e-flex e-con e-child\" data-id=\"4eb4358\" data-element_type=\"container\">\n\t\t\t\t<div class=\"elementor-element elementor-element-ac62f52 elementor-widget-mobile__width-inherit elementor-widget elementor-widget-heading\" data-id=\"ac62f52\" data-element_type=\"widget\" data-widget_type=\"heading.default\">\n\t\t\t\t<div class=\"elementor-widget-container\">\n\t\t\t\t\t<h5 class=\"elementor-heading-title elementor-size-default\">Baixe o Aplicativo:<\/h5>\t\t\t\t<\/div>\n\t\t\t\t<\/div>\n\t\t\t\t<div class=\"elementor-element elementor-element-7f25773 elementor-widget-mobile__width-initial elementor-widget elementor-widget-image\" data-id=\"7f25773\" data-element_type=\"widget\" data-widget_type=\"image.default\">\n\t\t\t\t<div class=\"elementor-widget-container\">\n\t\t\t\t\t\t\t\t\t\t\t\t\t\t\t\t<a href=\"https:\/\/play.google.com\/store\/apps\/details?id=app.conect.condprime\" target=\"_blank\">\n\t\t\t\t\t\t\t<img decoding=\"async\" width=\"135\" height=\"40\" src=\"https:\/\/gruporuggi.com.br\/wp-content\/uploads\/2023\/07\/google-play.svg\" class=\"attachment-large size-large wp-image-175\" alt=\"\" \/>\t\t\t\t\t\t\t\t<\/a>\n\t\t\t\t\t\t\t\t\t\t\t\t\t\t\t<\/div>\n\t\t\t\t<\/div>\n\t\t\t\t<div class=\"elementor-element elementor-element-373157c elementor-widget-mobile__width-initial elementor-widget elementor-widget-image\" data-id=\"373157c\" data-element_type=\"widget\" data-widget_type=\"image.default\">\n\t\t\t\t<div class=\"elementor-widget-container\">\n\t\t\t\t\t\t\t\t\t\t\t\t\t\t\t\t<a href=\"https:\/\/apps.apple.com\/br\/app\/cond-prime\/id1270318722\" target=\"_blank\">\n\t\t\t\t\t\t\t<img decoding=\"async\" width=\"141\" height=\"47\" src=\"https:\/\/gruporuggi.com.br\/wp-content\/uploads\/2023\/07\/app-store.svg\" class=\"attachment-large size-large wp-image-174\" alt=\"\" \/>\t\t\t\t\t\t\t\t<\/a>\n\t\t\t\t\t\t\t\t\t\t\t\t\t\t\t<\/div>\n\t\t\t\t<\/div>\n\t\t\t\t<\/div>\n\t\t\t\t<\/div>\n\t\t\t\t<\/div>\n\t\t\t\t<\/div>\n\t\t\t\t<\/div>\n\t\t","protected":false},"excerpt":{"rendered":"<p>Aplicativo Ruggi Um Portal completo para voc\u00ea App e Portal da Ruggi \u2013\u00a0Disponibilizamos a todos os moradores o Portal da Ruggi. Com ele \u00e9 poss\u00edvel participar da\u00a0assembleia virtual, emitir\u00a02\u00ba via de boletos,\u00a0avisos e notifica\u00e7\u00f5es,\u00a0presta\u00e7\u00e3o de contas em tempo real,\u00a0reservas,\u00a0agendamentos,\u00a0chamados, (livro de ocorr\u00eancia), acesso aos documentos do condom\u00ednio\u00a0como Atas, Balancetes e outros. Tudo isso na palma [&hellip;]<\/p>\n","protected":false},"author":1,"featured_media":766,"parent":0,"menu_order":0,"comment_status":"closed","ping_status":"closed","template":"elementor_header_footer","meta":{"footnotes":""},"class_list":["post-130","page","type-page","status-publish","has-post-thumbnail","hentry"],"yoast_head":"<!-- This site is optimized with the Yoast SEO plugin v22.6 - https:\/\/yoast.com\/wordpress\/plugins\/seo\/ -->\n<title>Aplicativo Ruggi | Grupo Ruggi<\/title>\n<meta name=\"description\" content=\"Grupo Ruggi - Sua Administradora de Condom\u00ednios e S\u00edndico Profissional em Curitiba e Regi\u00e3o Metropolitana. Entre em contato (41) 3524-1779!\" \/>\n<meta name=\"robots\" content=\"index, follow, max-snippet:-1, max-image-preview:large, max-video-preview:-1\" \/>\n<link rel=\"canonical\" href=\"https:\/\/gruporuggi.com.br\/?page_id=130\" \/>\n<meta property=\"og:locale\" content=\"pt_BR\" \/>\n<meta property=\"og:type\" content=\"article\" \/>\n<meta property=\"og:title\" content=\"Aplicativo Ruggi | Grupo Ruggi\" \/>\n<meta property=\"og:description\" content=\"Grupo Ruggi - Sua Administradora de Condom\u00ednios e S\u00edndico Profissional em Curitiba e Regi\u00e3o Metropolitana. Entre em contato (41) 3524-1779!\" \/>\n<meta property=\"og:url\" content=\"https:\/\/gruporuggi.com.br\/?page_id=130\" \/>\n<meta property=\"og:site_name\" content=\"Grupo Ruggi\" \/>\n<meta property=\"article:modified_time\" content=\"2023-10-09T13:22:45+00:00\" \/>\n<meta property=\"og:image\" content=\"https:\/\/gruporuggi.com.br\/wp-content\/uploads\/2023\/07\/smiling-woman-eyeglasses-using-tablet.jpg\" \/>\n\t<meta property=\"og:image:width\" content=\"1500\" \/>\n\t<meta property=\"og:image:height\" content=\"1001\" \/>\n\t<meta property=\"og:image:type\" content=\"image\/jpeg\" \/>\n<meta name=\"twitter:card\" content=\"summary_large_image\" \/>\n<meta name=\"twitter:label1\" content=\"Est. tempo de leitura\" \/>\n\t<meta name=\"twitter:data1\" content=\"2 minutos\" \/>\n<script type=\"application\/ld+json\" class=\"yoast-schema-graph\">{\"@context\":\"https:\/\/schema.org\",\"@graph\":[{\"@type\":\"WebPage\",\"@id\":\"https:\/\/gruporuggi.com.br\/?page_id=130\",\"url\":\"https:\/\/gruporuggi.com.br\/?page_id=130\",\"name\":\"Aplicativo Ruggi | Grupo Ruggi\",\"isPartOf\":{\"@id\":\"https:\/\/gruporuggi.com.br\/#website\"},\"primaryImageOfPage\":{\"@id\":\"https:\/\/gruporuggi.com.br\/?page_id=130#primaryimage\"},\"image\":{\"@id\":\"https:\/\/gruporuggi.com.br\/?page_id=130#primaryimage\"},\"thumbnailUrl\":\"https:\/\/gruporuggi.com.br\/wp-content\/uploads\/2023\/07\/smiling-woman-eyeglasses-using-tablet.jpg\",\"datePublished\":\"2023-07-30T13:33:00+00:00\",\"dateModified\":\"2023-10-09T13:22:45+00:00\",\"description\":\"Grupo Ruggi - Sua Administradora de Condom\u00ednios e S\u00edndico Profissional em Curitiba e Regi\u00e3o Metropolitana. Entre em contato (41) 3524-1779!\",\"breadcrumb\":{\"@id\":\"https:\/\/gruporuggi.com.br\/?page_id=130#breadcrumb\"},\"inLanguage\":\"pt-BR\",\"potentialAction\":[{\"@type\":\"ReadAction\",\"target\":[\"https:\/\/gruporuggi.com.br\/?page_id=130\"]}]},{\"@type\":\"ImageObject\",\"inLanguage\":\"pt-BR\",\"@id\":\"https:\/\/gruporuggi.com.br\/?page_id=130#primaryimage\",\"url\":\"https:\/\/gruporuggi.com.br\/wp-content\/uploads\/2023\/07\/smiling-woman-eyeglasses-using-tablet.jpg\",\"contentUrl\":\"https:\/\/gruporuggi.com.br\/wp-content\/uploads\/2023\/07\/smiling-woman-eyeglasses-using-tablet.jpg\",\"width\":1500,\"height\":1001},{\"@type\":\"BreadcrumbList\",\"@id\":\"https:\/\/gruporuggi.com.br\/?page_id=130#breadcrumb\",\"itemListElement\":[{\"@type\":\"ListItem\",\"position\":1,\"name\":\"In\u00edcio\",\"item\":\"https:\/\/gruporuggi.com.br\/\"},{\"@type\":\"ListItem\",\"position\":2,\"name\":\"Aplicativo Ruggi\"}]},{\"@type\":\"WebSite\",\"@id\":\"https:\/\/gruporuggi.com.br\/#website\",\"url\":\"https:\/\/gruporuggi.com.br\/\",\"name\":\"Grupo Ruggi\",\"description\":\"Administra\u00e7\u00e3o Condonominial e S\u00edndico Profissional\",\"publisher\":{\"@id\":\"https:\/\/gruporuggi.com.br\/#organization\"},\"potentialAction\":[{\"@type\":\"SearchAction\",\"target\":{\"@type\":\"EntryPoint\",\"urlTemplate\":\"https:\/\/gruporuggi.com.br\/?s={search_term_string}\"},\"query-input\":\"required name=search_term_string\"}],\"inLanguage\":\"pt-BR\"},{\"@type\":\"Organization\",\"@id\":\"https:\/\/gruporuggi.com.br\/#organization\",\"name\":\"Grupo Ruggi\",\"url\":\"https:\/\/gruporuggi.com.br\/\",\"logo\":{\"@type\":\"ImageObject\",\"inLanguage\":\"pt-BR\",\"@id\":\"https:\/\/gruporuggi.com.br\/#\/schema\/logo\/image\/\",\"url\":\"https:\/\/gruporuggi.com.br\/wp-content\/uploads\/2023\/07\/Grupo-Ruggi-1.png\",\"contentUrl\":\"https:\/\/gruporuggi.com.br\/wp-content\/uploads\/2023\/07\/Grupo-Ruggi-1.png\",\"width\":2653,\"height\":1442,\"caption\":\"Grupo Ruggi\"},\"image\":{\"@id\":\"https:\/\/gruporuggi.com.br\/#\/schema\/logo\/image\/\"}}]}<\/script>\n<!-- \/ Yoast SEO plugin. -->","yoast_head_json":{"title":"Aplicativo Ruggi | Grupo Ruggi","description":"Grupo Ruggi - Sua Administradora de Condom\u00ednios e S\u00edndico Profissional em Curitiba e Regi\u00e3o Metropolitana. Entre em contato (41) 3524-1779!","robots":{"index":"index","follow":"follow","max-snippet":"max-snippet:-1","max-image-preview":"max-image-preview:large","max-video-preview":"max-video-preview:-1"},"canonical":"https:\/\/gruporuggi.com.br\/?page_id=130","og_locale":"pt_BR","og_type":"article","og_title":"Aplicativo Ruggi | Grupo Ruggi","og_description":"Grupo Ruggi - Sua Administradora de Condom\u00ednios e S\u00edndico Profissional em Curitiba e Regi\u00e3o Metropolitana. Entre em contato (41) 3524-1779!","og_url":"https:\/\/gruporuggi.com.br\/?page_id=130","og_site_name":"Grupo Ruggi","article_modified_time":"2023-10-09T13:22:45+00:00","og_image":[{"width":1500,"height":1001,"url":"https:\/\/gruporuggi.com.br\/wp-content\/uploads\/2023\/07\/smiling-woman-eyeglasses-using-tablet.jpg","type":"image\/jpeg"}],"twitter_card":"summary_large_image","twitter_misc":{"Est. tempo de leitura":"2 minutos"},"schema":{"@context":"https:\/\/schema.org","@graph":[{"@type":"WebPage","@id":"https:\/\/gruporuggi.com.br\/?page_id=130","url":"https:\/\/gruporuggi.com.br\/?page_id=130","name":"Aplicativo Ruggi | Grupo Ruggi","isPartOf":{"@id":"https:\/\/gruporuggi.com.br\/#website"},"primaryImageOfPage":{"@id":"https:\/\/gruporuggi.com.br\/?page_id=130#primaryimage"},"image":{"@id":"https:\/\/gruporuggi.com.br\/?page_id=130#primaryimage"},"thumbnailUrl":"https:\/\/gruporuggi.com.br\/wp-content\/uploads\/2023\/07\/smiling-woman-eyeglasses-using-tablet.jpg","datePublished":"2023-07-30T13:33:00+00:00","dateModified":"2023-10-09T13:22:45+00:00","description":"Grupo Ruggi - Sua Administradora de Condom\u00ednios e S\u00edndico Profissional em Curitiba e Regi\u00e3o Metropolitana. Entre em contato (41) 3524-1779!","breadcrumb":{"@id":"https:\/\/gruporuggi.com.br\/?page_id=130#breadcrumb"},"inLanguage":"pt-BR","potentialAction":[{"@type":"ReadAction","target":["https:\/\/gruporuggi.com.br\/?page_id=130"]}]},{"@type":"ImageObject","inLanguage":"pt-BR","@id":"https:\/\/gruporuggi.com.br\/?page_id=130#primaryimage","url":"https:\/\/gruporuggi.com.br\/wp-content\/uploads\/2023\/07\/smiling-woman-eyeglasses-using-tablet.jpg","contentUrl":"https:\/\/gruporuggi.com.br\/wp-content\/uploads\/2023\/07\/smiling-woman-eyeglasses-using-tablet.jpg","width":1500,"height":1001},{"@type":"BreadcrumbList","@id":"https:\/\/gruporuggi.com.br\/?page_id=130#breadcrumb","itemListElement":[{"@type":"ListItem","position":1,"name":"In\u00edcio","item":"https:\/\/gruporuggi.com.br\/"},{"@type":"ListItem","position":2,"name":"Aplicativo Ruggi"}]},{"@type":"WebSite","@id":"https:\/\/gruporuggi.com.br\/#website","url":"https:\/\/gruporuggi.com.br\/","name":"Grupo Ruggi","description":"Administra\u00e7\u00e3o Condonominial e S\u00edndico Profissional","publisher":{"@id":"https:\/\/gruporuggi.com.br\/#organization"},"potentialAction":[{"@type":"SearchAction","target":{"@type":"EntryPoint","urlTemplate":"https:\/\/gruporuggi.com.br\/?s={search_term_string}"},"query-input":"required name=search_term_string"}],"inLanguage":"pt-BR"},{"@type":"Organization","@id":"https:\/\/gruporuggi.com.br\/#organization","name":"Grupo Ruggi","url":"https:\/\/gruporuggi.com.br\/","logo":{"@type":"ImageObject","inLanguage":"pt-BR","@id":"https:\/\/gruporuggi.com.br\/#\/schema\/logo\/image\/","url":"https:\/\/gruporuggi.com.br\/wp-content\/uploads\/2023\/07\/Grupo-Ruggi-1.png","contentUrl":"https:\/\/gruporuggi.com.br\/wp-content\/uploads\/2023\/07\/Grupo-Ruggi-1.png","width":2653,"height":1442,"caption":"Grupo Ruggi"},"image":{"@id":"https:\/\/gruporuggi.com.br\/#\/schema\/logo\/image\/"}}]}},"_links":{"self":[{"href":"https:\/\/gruporuggi.com.br\/index.php?rest_route=\/wp\/v2\/pages\/130","targetHints":{"allow":["GET"]}}],"collection":[{"href":"https:\/\/gruporuggi.com.br\/index.php?rest_route=\/wp\/v2\/pages"}],"about":[{"href":"https:\/\/gruporuggi.com.br\/index.php?rest_route=\/wp\/v2\/types\/page"}],"author":[{"embeddable":true,"href":"https:\/\/gruporuggi.com.br\/index.php?rest_route=\/wp\/v2\/users\/1"}],"replies":[{"embeddable":true,"href":"https:\/\/gruporuggi.com.br\/index.php?rest_route=%2Fwp%2Fv2%2Fcomments&post=130"}],"version-history":[{"count":0,"href":"https:\/\/gruporuggi.com.br\/index.php?rest_route=\/wp\/v2\/pages\/130\/revisions"}],"wp:featuredmedia":[{"embeddable":true,"href":"https:\/\/gruporuggi.com.br\/index.php?rest_route=\/wp\/v2\/media\/766"}],"wp:attachment":[{"href":"https:\/\/gruporuggi.com.br\/index.php?rest_route=%2Fwp%2Fv2%2Fmedia&parent=130"}],"curies":[{"name":"wp","href":"https:\/\/api.w.org\/{rel}","templated":true}]}}